{"id":39,"date":"2015-08-05T08:52:55","date_gmt":"2015-08-05T16:52:55","guid":{"rendered":"http:\/\/biblestudydownloads.org\/?page_id=39"},"modified":"2026-01-23T16:06:38","modified_gmt":"2026-01-23T13:06:38","slug":"faq","status":"publish","type":"page","link":"https:\/\/biblestudydownloads.org\/pl\/faq\/","title":{"rendered":"FAQ"},"content":{"rendered":"<h3 class=\"wp-block-heading\">What is this website all about?<\/h3>\n\n\n\n<p>Chodzi o czas i jako\u015b\u0107. Jeste\u015bmy bardziej zaj\u0119ci ni\u017c kiedykolwiek (=mniej czasu), ale oczekujemy bardziej anga\u017cuj\u0105cych wizualizacji (=lepsza jako\u015b\u0107). Jak mo\u017cemy zaprojektowa\u0107 <em>more engaging presentations with<\/em> less time? We need to work hard on fewer presentations and then share them with others. This way, we will all grow in our study, teaching, and preaching of the Bible. Of the 49 courses on this site, 31 are designed by me (Dr. Rick Griffith). However, I also collaborate with others to share valuable courses that benefit those outside of my specialty in biblical studies. The site is the culmination of my teaching God&#8217;s Word for 52 years. Freely download 8117 files in 263 courses, 76,000 pages of course notes and sermon manuscripts in Word and PDF formats, more than 4400 files in English, and hundreds of translations by my students and other translators totaling 55 languages. English has 163,000 slides; the most translated languages include 93,000 Chinese and 151,000 Arabic slides or pages. Every biblical book in the OT Survey and the NT Survey courses now has at least 150 slides, averaging 487 per book, plus thousands more in many sermons. The site may appear plain, but inside each presentation, you&#8217;ll find numerous colorful pictures, diagrams, and charts presented in an attractive format. The Bible courses now total over 107,000 English slides.<\/p>\n\n\n\n<h3 class=\"wp-block-heading\">What kind of files are on this site?<\/h3>\n\n\n\n<p>Eksperci twierdz\u0105, \u017ce uczymy si\u0119 na r\u00f3\u017cne sposoby. Niekt\u00f3re osoby ucz\u0105 si\u0119 g\u0142\u00f3wnie poprzez s\u0142uchanie (osoby ucz\u0105ce si\u0119 s\u0142uchowo), inne poprzez praktyczne do\u015bwiadczenie (osoby ucz\u0105ce si\u0119 przez do\u015bwiadczenie), a jeszcze inne poprzez widzenie (osoby ucz\u0105ce si\u0119 wzrokowo). Jako wzrokowiec nale\u017c\u0119 do tej ostatniej grupy, poniewa\u017c dorasta\u0142em w pokoleniu telewizyjnym, kt\u00f3re wierzy, \u017ce \"obraz jest wart tysi\u0105ca s\u0142\u00f3w\". Istniej\u0105 tysi\u0105ce stron internetowych, na kt\u00f3rych mo\u017cna uczy\u0107 si\u0119 Biblii z artyku\u0142\u00f3w pisanych, ale wszystko, czego si\u0119 z nich nauczysz, musisz wklei\u0107 do swojej wizualnej prezentacji dla w\u0142asnej korzy\u015bci i nauczania innych. Ta strona pomaga wype\u0142ni\u0107 t\u0119 luk\u0119. O ile mi wiadomo, nie ma innej strony internetowej oferuj\u0105cej tysi\u0105ce darmowych, gotowych prezentacji PPT do nauki i nauczania Biblii w wielu j\u0119zykach. Je\u015bli znajdziesz inne, nie wahaj si\u0119 skontaktowa\u0107 ze mn\u0105 pod adresem DrRickGriffith@gmail.com. Chc\u0119 dzieli\u0107 si\u0119 zasobami z tymi autorami i linkowa\u0107 ich do tej strony. W ka\u017cdym razie ludzie najlepiej ucz\u0105 si\u0119 poprzez po\u0142\u0105czenie s\u0142uchania, dzia\u0142ania i widzenia. Dlatego te\u017c prezentacje PPT zawieraj\u0105 tekst do udost\u0119pnienia przez nauczyciela w sekcji notatek (s\u0142uchanie), projekty w ma\u0142ych grupach (robienie) i atrakcyjne zdj\u0119cia na prawie ka\u017cdym slajdzie (ogl\u0105danie). Mo\u017cesz tak\u017ce pobra\u0107 pliki PDF, poniewa\u017c cz\u0119sto wy\u015bwietlaj\u0105 one czcionki dok\u0142adniej.<\/p>\n\n\n\n<h3 class=\"wp-block-heading\">How can I use this site?<\/h3>\n\n\n\n<p>In addition to 163,000 PPT slides in English, I have uploaded over 61,000 Microsoft Word and PDF pages in 51 courses. You can study or teach any book of the Bible visually, teach an entire course using PowerPoint and notes, or select a presentation for personal study, teaching, or preaching. Some pastors use the sermon PPT and manuscripts to teach a series. Others teach courses on apologetics &amp; evangelism, Bible backgrounds, how to study the Bible, Bible geography, leadership, missions, or theology. One key feature of the site is The Bible&#8230;Basically, a seminar of nearly 1000 slides. It guides learners through the entire Bible in ten hours, covering it six times. The Bible Exposition link features approximately 100 slides per Bible book, presented in a single message, along with the manuscript, additional handouts, audio, and video. Also, use the search feature to see which presentation may address the topic you need.<\/p>\n\n\n\n<h3 class=\"wp-block-heading\">Can I <em>really<\/em> download and use these files for <em>free<\/em>?<\/h3>\n\n\n\n<p>Szczerze m\u00f3wi\u0105c, nie ma \u017cadnego \"haczyka\". Darmowe pobieranie mo\u017ce wydawa\u0107 si\u0119 zbyt pi\u0119kne, aby by\u0142o prawdziwe, gdy inni pobieraj\u0105 za prezentacje du\u017ce pieni\u0105dze, ale zapewniam ci\u0119, \u017ce to prawda. B\u00f3g pob\u0142ogos\u0142awi\u0142 mnie jako w pe\u0142ni wspieranego profesora misjonarza, wi\u0119c nie musz\u0119 utrzymywa\u0107 si\u0119 z tej strony. Prosz\u0119 nawet nie pisa\u0107 do mnie z pro\u015bb\u0105 o pozwolenie na ich wykorzystanie, poniewa\u017c zape\u0142nia to zar\u00f3wno moj\u0105 skrzynk\u0119 odbiorcz\u0105, jak i m\u00f3j czas. Mo\u017cesz jednak powiedzie\u0107 \"dzi\u0119kuj\u0119\" przez e-mail (DrRickGriffith@gmail.com) lub da\u0107 <a href=\"https:\/\/worldventure.com\/pworker\/4000-248-griffith-rick-and-susan\/\">gift<\/a>.<\/p>\n\n\n\n<h3 class=\"wp-block-heading\">Who is Dr. Rick Griffith?<\/h3>\n\n\n\n<figure class=\"wp-block-image alignleft\"><a href=\"https:\/\/biblestudydownloads.org\/wp-content\/uploads\/2016\/06\/2016-02-Dr-Rick-Griffith.png\"><img loading=\"lazy\" decoding=\"async\" width=\"200\" height=\"300\" src=\"https:\/\/biblestudydownloads.org\/wp-content\/uploads\/2016\/06\/2016-02-Dr-Rick-Griffith-200x300.png\" alt=\"2016-02 Dr Rick Griffith\" class=\"wp-image-1722\" srcset=\"https:\/\/biblestudydownloads.org\/wp-content\/uploads\/2016\/06\/2016-02-Dr-Rick-Griffith-200x300.png 200w, https:\/\/biblestudydownloads.org\/wp-content\/uploads\/2016\/06\/2016-02-Dr-Rick-Griffith.png 332w\" sizes=\"auto, (max-width: 200px) 100vw, 200px\" \/><\/a><\/figure>\n\n\n\n<p>Dr. Rick Griffith serves 21 nations from MENA (Middle East\/North Africa) as Academic Dean and Professor of Bible Exposition at Jordan Evangelical Theological Seminary (JETS) in Amman. From 1991 to 2021, he and his wife, Susan, trained Asian leaders from 21 other nations at Singapore Bible College. At BibleStudyDownloads.org, Rick offers 507,000 free PowerPoint slides and articles in 49 courses, translated into 55 languages, for Christian students and leaders. He served as the Director of the Doctor of Ministry (DMin) Program at Singapore Bible College from 2012 to 2021. He primarily taught the Bible (OT and NT) and preaching courses, and helped establish an international K-12 school (ics.edu.sg). In 2006, Dr. Rick planted Crossroads International Church (cicfamily.com) to reach people in Singapore and served as pastor-teacher until 2021. He has taught and recruited other professors and pastors to prepare Christian leaders on 73 trips to a dozen lesser-developed Asian nations, including Mongolia, Sri Lanka, Myanmar, Nepal, and Vietnam. He also wrote the Advanced Studies in New and Old Testament courses available at the Internet Biblical Seminary (<a href=\"http:\/\/www.internetseminary.org\/\">www.internetseminary.org<\/a>). Rick and Susan grew up in California, but he received his Th.M. (in Pastoral Ministries) and Ph.D. (in Bible Exposition) from Dallas Theological Seminary in Texas. They are missionaries with <a href=\"https:\/\/www.worldventure.com\/explore\/details-people.php?name=rick-and-susan-griffith&amp;id=a5OF00000004J3sMAE\">WorldVenture<\/a> and have three sons, three daughters-in-law, and four grandkids in three states in the USA. Connect with Dr. Rick on <a href=\"https:\/\/www.facebook.com\/rick.griffith.9256\">Facebook.<\/a><\/p>\n\n\n\n<h3 class=\"wp-block-heading\">Who designed these files?<\/h3>\n\n\n\n<p>I have taught the Bible for 53 years, so this site is the culmination of my life&#8217;s ministry. However, over 800 others (mostly grad students) have designed and translated tens of thousands of slides on this site. I am indebted to them and to other Bible professors and pastors who have allowed me to upload their courses. This is a community effort.<\/p>\n\n\n\n<h3 class=\"wp-block-heading\">Gdzie mog\u0119 znale\u017a\u0107 audio i wideo?<\/h3>\n\n\n\n<p>See the <a href=\"https:\/\/biblestudydownloads.org\/resources\/bible-exposition\/\">Bible Exposition<\/a> link i filmy na stronie <a href=\"https:\/\/biblestudydownloads.org\/resources\/old-testament-preaching\/\">OT<\/a> and <a href=\"https:\/\/biblestudydownloads.org\/resources\/new-testament-preaching\/\">NT<\/a> texts. Access sermon audio at <a href=\"https:\/\/www.cicfamily.com\/sermons-2\/\">Crossroads International Church<\/a> and <a href=\"https:\/\/ammanchurch.org\/sermons\/\">Amman International Church<\/a>. Niekt\u00f3re kursy (np. Przegl\u0105d OT, T\u0142o OT, Przegl\u0105d NT, T\u0142o NT, Kaznodziejstwo) zawieraj\u0105 r\u00f3wnie\u017c materia\u0142y audio i\/lub wideo wraz z PPT i notatkami do prezentacji.<\/p>\n\n\n\n<h3 class=\"wp-block-heading\">What languages are on this website?<\/h3>\n\n\n\n<p>Ta strona oferuje obecnie 55 j\u0119zyk\u00f3w na <a href=\"https:\/\/biblestudydownloads.org\/resources\/?orderby=title&amp;order=asc&amp;language=english\">pasek boczny<\/a>. The number next to each language indicates the number of courses with files in that language. The most translated slides and pages from <a href=\"https:\/\/biblestudydownloads.org\/resources\/?orderby=title&amp;order=asc&amp;language=english\">English<\/a> (163,000) are in <a href=\"https:\/\/biblestudydownloads.org\/languages\/arabic\/\">Arabski<\/a> (151,000), <a href=\"https:\/\/biblestudydownloads.org\/languages\/chinese\/\">Chi\u0144ski<\/a> (91,000), and <a href=\"https:\/\/biblestudydownloads.org\/languages\/indonesian\/\">Bahasa Indonesia<\/a> (17,000).<\/p>\n\n\n\n<h3 class=\"wp-block-heading\">Why do I get a &#8220;Page Not Found&#8221; message?<\/h3>\n\n\n\n<p>I work on the website daily, updating files to improve the site. Unfortunately, human error comes into play when I forget to manually edit the links, so I often link to the old file that no longer exists. But WordPress has no automated feature to find broken links, so I cannot find them except by clicking each of the 8000 files individually! Here&#8217;s where you can help. Please copy the URL at the top of your browser that points to that file and send it to DrRickGriffith@gmail.com so I can fix the link. Then you can access the file.<\/p>\n\n\n\n<h3 class=\"wp-block-heading\">But doesn\u2019t this website have copyrighted material?<\/h3>\n\n\n\n<p>Tak, to prawda. Strona zawiera dziesi\u0105tki tysi\u0119cy zdj\u0119\u0107 chronionych prawem autorskim. Dlatego, <strong>DO NOT SELL ANY OF THE FILES YOU DOWNLOAD!<\/strong> So, this is my \u201cFair Use Declaration.\u201d <a title=\"http:\/\/www.law.cornell.edu\/uscode\/17\/107.shtml\" href=\"http:\/\/www.law.cornell.edu\/uscode\/17\/107.shtml\">Ta strona zawiera materia\u0142y chronione prawem autorskim, kt\u00f3re nie zawsze zosta\u0142y wyra\u017anie autoryzowane przez w\u0142a\u015bciciela praw autorskich, zw\u0142aszcza w zakresie obraz\u00f3w w prezentacjach PowerPoint. Udost\u0119pniam takie materia\u0142y, aby pom\u00f3c czytelnikom w nauczaniu, stypendiach i badaniach nad kwestiami biblijnymi, teologicznymi i praktycznymi. Wierz\u0119, \u017ce stanowi to \"dozwolony u\u017cytek\" wszelkich takich materia\u0142\u00f3w chronionych prawem autorskim, zgodnie z sekcj\u0105 107 ameryka\u0144skiego prawa autorskiego, poniewa\u017c materia\u0142y te s\u0142u\u017c\u0105 niekomercyjnym celom edukacyjnym, nigdy nie kopiuj\u0105 ca\u0142ego dzie\u0142a ani nie wp\u0142ywaj\u0105 na potencjaln\u0105 warto\u015b\u0107 rynkow\u0105 dzie\u0142 chronionych prawem autorskim. Zgodnie z tytu\u0142em 17 U.S.C. sekcja 107, materia\u0142y na tej stronie s\u0105 dystrybuowane bez zysku do tych, kt\u00f3rzy wyrazili wcze\u015bniej zainteresowanie otrzymaniem zawartych informacji w celach badawczych i edukacyjnych. Wi\u0119cej informacji mo\u017cna znale\u017a\u0107 na stronie www.law.cornell.edu\/uscode\/17\/107.shtml<\/a>.<\/p>\n\n\n\n<h3 class=\"wp-block-heading\">What theological perspective do these files represent?<\/h3>\n\n\n\n<p>Jestem ewangelicznym chrze\u015bcijaninem z wysokim pogl\u0105dem na Pismo \u015awi\u0119te. M\u00f3j tytu\u0142 magistra duszpasterstwa i doktorat z ekspozycji Biblii uzyska\u0142em w seminarium teologicznym w Dallas. Zgadzam si\u0119 z o\u015bwiadczeniem doktrynalnym DTS <a href=\"http:\/\/www.dts.edu\/about\/campuses\/chinese\/doctrinalstatement\/\">here<\/a>. The 163,000 English PPT slides and 61,000 pages of notes and sermons on this site reflect over 53 years of Bible teaching, which I trust fully as the Word of God written without error. If you are theologically astute, then you will understand what I mean when I describe myself this way: Trinitarian inerrantist, biblical (Young Earth) creationist, upholding biblical authorship (Moses on Pentateuch, Solomon on Ecclesiastes, Daniel and Isaiah as stated, Pauline authorship of 13 letters, etc.), revised dispensationalist (but leaning towards progressive), pretribulational, premillennial, 3- or 4-point Calvinist (total depravity, unconditional election, irresistible grace, perseverance of God to maintain our salvation), 1- or 2-point Arminian (unlimited atonement, recognition that believers do not all sustain their faith until death), free grace (not Lordship) salvation where one must trust Jesus as truly Lord (meaning he is God) but salvation comes by grace through simple trust in Christ as Savior, partial cessationist (non-charismatic), denominationally Baptistic with the pastor as first among equal elders but with the congregation having final authority, immersion, representative Lord&#8217;s Supper, divorce and remarriage allowed for adultery &amp; desertion by an unbeliever, autonomy of the local church, complementarian, biblical marriage, blended worship, and expository preacher. Besides these, I can&#8217;t think of any other labels at the moment.<\/p>\n\n\n\n<h3 class=\"wp-block-heading\">Can I edit the files I download?<\/h3>\n\n\n\n<p>Ludzie ostrzegali mnie przed oferowaniem edytowalnych plik\u00f3w PowerPoint i Word. M\u00f3wi\u0105: \"Lepiej dawa\u0107 ludziom tylko pliki PDF, kt\u00f3rych nie mo\u017cna edytowa\u0107. W przeciwnym razie zmieni\u0105 go i b\u0119d\u0105 ci\u0119 \u017ale cytowa\u0107\". Doceniam to ostrze\u017cenie. Jednak oferowanie tylko nieedytowalnych plik\u00f3w uniemo\u017cliwi t\u0142umaczom szybkie przet\u0142umaczenie ich na j\u0119zyk ojczysty. Wol\u0119 ryzykowa\u0107, \u017ce zostan\u0119 \u017ale zacytowany, ni\u017c przeszkadza\u0107 S\u0142owu Bo\u017cemu w rozpowszechnianiu si\u0119 w innych j\u0119zykach. Ale P.S.: Prosz\u0119, nie cytuj mnie b\u0142\u0119dnie.<\/p>\n\n\n\n<h3 class=\"wp-block-heading\">How should I cite files that I download?<\/h3>\n\n\n\n<p>Dobra nauka pokazuje uczciwo\u015b\u0107, wi\u0119c prosimy o uczciwe podawanie \u017ar\u00f3de\u0142. Ka\u017cdy plik PPT wskazuje na pierwszym slajdzie, \u017ce pochodzi ze strony BibleStudyDownloads.org. Nie usuwaj tych slajd\u00f3w, aby inni mogli uzyska\u0107 dost\u0119p do \u017ar\u00f3d\u0142a. Je\u015bli cytujesz t\u0119 stron\u0119, u\u017cyj nast\u0119puj\u0105cego formatu. Je\u015bli edytujesz slajd, poprzed\u017a cytat s\u0142owami \"Adaptowano z...\".<\/p>\n\n\n\n<p>FIRST FOOTNOTE:<br><sup>4 <\/sup>Rick Griffith, \"Daniel\" (prezentacja PowerPoint, Jordan Evangelical Theological Seminary, 2021), https:\/\/biblestudydownloads.org\/resources\/old-testament-survey\/ (dost\u0119p 9 sierpnia 2024), slajd 218.<\/p>\n\n\n\n<p>LATER FOOTNOTE:<br><sup>25 <\/sup>Griffith, \"Daniel\", slajd 244.<\/p>\n\n\n\n<p>BIBLIOGRAPHY:<br>Griffith, Rick. \"Daniel\". Prezentacja PowerPoint, Jordan Evangelical Theological Seminary, 2021. https:\/\/biblestudydownloads.org\/resources\/old-testament-survey\/ (dost\u0119p 9 sierpnia 2024).<\/p>\n\n\n\n<h3 class=\"wp-block-heading\">Co zrobi\u0107, je\u015bli pobrane pliki nie otwieraj\u0105 si\u0119?<\/h3>\n\n\n\n<p>Older versions of Office software cannot open files created in newer versions. Look at the end of the file name. If it says &#8220;.ppt,&#8221; I saved the file in PowerPoint 2006 and before (PC)\/2007 format. These should be compatible with all versions of PowerPoint. However, a few files have &#8220;.pptx&#8221; extensions. This means I saved the file in PowerPoint 2007-present (PC) or 2008-present (Mac) format. Only the latest versions of PowerPoint can open .pptx files.<\/p>\n\n\n\n<p>However, try this trick if you only have a pre-2006 version of Office. With the file closed and viewing only the file name on your hard drive, manually delete the &#8220;x&#8221; from the &#8220;.pptx&#8221; at the end of the file name, then click outside the file name to complete the change. Then try opening it. Your computer will recognize it as an older version of PowerPoint. The same applies to older versions of Word and Excel\u2014eliminate the &#8220;x&#8221; in the file name. This is a more cost-effective and faster alternative to purchasing additional software. However, it also means that you will miss some of the nicer functions of the newer software and will have to clean up the files to make the fonts and animations work.<\/p>\n\n\n\n<p>Niekt\u00f3re pliki nie otwieraj\u0105 si\u0119, poniewa\u017c zosta\u0142y uszkodzone. Napisz do mnie na adres DrRickGriffith@gmail.com i podaj nazw\u0119 pliku, abym m\u00f3g\u0142 go naprawi\u0107 i przes\u0142a\u0107 czyst\u0105 wersj\u0119.<\/p>\n\n\n\n<h3 class=\"wp-block-heading\">How can I get from English to translated materials and back?<\/h3>\n\n\n\n<p>Podczas przegl\u0105dania strony z plikami do pobrania, kliknij na linki j\u0119zykowe na dole, aby uzyska\u0107 dost\u0119p do angielskiego i innych dost\u0119pnych t\u0142umacze\u0144 dla tego kursu.<\/p>\n\n\n\n<h3 class=\"wp-block-heading\">What are the funny-looking letters and numbers on file names?<\/h3>\n\n\n\n<p>The website gives a unique name to every file. Note that we use dashes instead of periods, as the period can confuse some computers. One exception is the period preceding the file type. For example, PowerPoint files are named &#8220;.ppt&#8221; (2006 or older) or &#8220;.pptx&#8221; (2007 or newer). As a sample file name, 02-Exodus-529_eng_os_4998_v31.pptx identifies presentation 02, called Exodus, with 529 slides in English for the Old Testament Survey course, in presentation 4998, version 31, in updated (post-2007) PowerPoint format. All versions four and higher have been reduced in size for easier download. Finally, to avoid confusion, no language abbreviation is the same as any course abbreviation. Each language is abbreviated in the ISO 693-3 format of three letters, while each course uses a two-letter format unique to this website.<\/p>\n\n\n\n<h3 class=\"wp-block-heading\">Jak skorelowa\u0107 notatki z kursu z programem PowerPoint?<\/h3>\n\n\n\n<p>Wystarczy spojrze\u0107 na numer w prawym g\u00f3rnym rogu ka\u017cdego slajdu. Nazwa prezentacji PPT jest zasadniczo taka sama jak nazwa notatek do kursu. M\u00f3wi\u0119 \"generalnie\", poniewa\u017c notatki dotycz\u0105ce wszystkich ksi\u0105g Starego Testamentu znajduj\u0105 si\u0119 w notatkach z badania OT i podobnie notatki dotycz\u0105ce ksi\u0105g NT znajduj\u0105 si\u0119 w notatkach z badania NT. Je\u015bli na slajdzie nie ma numeru, oznacza to, \u017ce jest on uzupe\u0142nieniem notatek, a ja nie przygotowa\u0142em jeszcze dla niego materia\u0142\u00f3w informacyjnych.<\/p>\n\n\n\n<h3 class=\"wp-block-heading\">What if some pictures do not appear on a slide?<\/h3>\n\n\n\n<p>W prezentacjach stara\u0142em si\u0119 u\u017cywa\u0107 wy\u0142\u0105cznie obraz\u00f3w w formacie JPEG, poniewa\u017c s\u0105 one najcz\u0119\u015bciej odczytywane przez komputery. Je\u015bli jednak napotkasz nieczytelny TIFF, PNG lub inny format pliku na komputerze, b\u0119dziesz musia\u0142 kupi\u0107 i zainstalowa\u0107 oprogramowanie obs\u0142uguj\u0105ce te formaty plik\u00f3w. Napisz do mnie na adres drrickgriffith@gmail.com, aby poinformowa\u0107 mnie, kt\u00f3re prezentacje i slajdy wymagaj\u0105 edycji.<\/p>\n\n\n\n<h3 class=\"wp-block-heading\">Jak mog\u0119 zaprojektowa\u0107 w\u0142asne prezentacje PowerPoint?<\/h3>\n\n\n\n<p>Tworzenie prezentacji PPT jest po cz\u0119\u015bci nauk\u0105, a po cz\u0119\u015bci sztuk\u0105. Jest to umiej\u0119tno\u015b\u0107, kt\u00f3rej ka\u017cdy mo\u017ce si\u0119 nauczy\u0107, chocia\u017c osoby z talentem artystycznym prawdopodobnie przyswoj\u0105 j\u0105 bardziej naturalnie. Aby zapozna\u0107 si\u0119 z 4-stronicowym podsumowaniem dotycz\u0105cym projektowania i korzystania z programu PowerPoint, kliknij <a href=\"https:\/\/biblestudydownloads.org\/files\/eng\/tb\/PPT_Tips_(Rick_Griffith)-4p_eng_tb_v6.docx\">PPT_Tips_6th_ed<\/a>.<\/p>\n\n\n\n<h3 class=\"wp-block-heading\">Where can I hear the Bible online?<\/h3>\n\n\n\n<p>S\u0142uchaj S\u0142owa Bo\u017cego w dowolnym <span class=\"lang--number\">2<\/span>538+ languages\u2014or even download them\u2014just by clicking <a href=\"https:\/\/www.faithcomesbyhearing.com\/audio-bibles\/resources\">here<\/a>. See links to other helpful sites at the top of this page.<\/p>\n\n\n\n<h3 class=\"wp-block-heading\">How can I get your monthly newsletters?<\/h3>\n\n\n\n<p>See past newsletters or subscribe to our mailing list for future letters by clicking <a href=\"https:\/\/us19.campaign-archive.com\/home\/?u=b8136ce629e7d477b30a8c9c7&amp;id=6e1d3370b9\">here<\/a>.<\/p>\n\n\n\n<h3 class=\"wp-block-heading\">What is the secret to life\u2019s meaning?<\/h3>\n\n\n\n<p>Oto najwa\u017cniejsze FAQ w historii. Kliknij <a href=\"https:\/\/biblestudydownloads.org\/wp-content\/uploads\/2015\/08\/The-Secret-Ver-11.2-Paul-Tanner.pdf\" rel=\"\">The Secret \u2013 Ver 11.2 (Paul Tanner)<\/a>.<\/p>","protected":false},"excerpt":{"rendered":"<p>What is this website all about? It&#8217;s about time and quality. We are busier than ever (=less time), but we expect more engaging visuals (=better quality). How can we design more engaging presentations with less time? We need to work hard on fewer presentations and then share them with others. This way, we will all [&hellip;]<\/p>\n","protected":false},"author":1,"featured_media":2787,"parent":0,"menu_order":0,"comment_status":"closed","ping_status":"closed","template":"","meta":{"footnotes":""},"class_list":["post-39","page","type-page","status-publish","has-post-thumbnail","hentry"],"blocksy_meta":[],"_links":{"self":[{"href":"https:\/\/biblestudydownloads.org\/pl\/wp-json\/wp\/v2\/pages\/39","targetHints":{"allow":["GET"]}}],"collection":[{"href":"https:\/\/biblestudydownloads.org\/pl\/wp-json\/wp\/v2\/pages"}],"about":[{"href":"https:\/\/biblestudydownloads.org\/pl\/wp-json\/wp\/v2\/types\/page"}],"author":[{"embeddable":true,"href":"https:\/\/biblestudydownloads.org\/pl\/wp-json\/wp\/v2\/users\/1"}],"replies":[{"embeddable":true,"href":"https:\/\/biblestudydownloads.org\/pl\/wp-json\/wp\/v2\/comments?post=39"}],"version-history":[{"count":226,"href":"https:\/\/biblestudydownloads.org\/pl\/wp-json\/wp\/v2\/pages\/39\/revisions"}],"predecessor-version":[{"id":23504,"href":"https:\/\/biblestudydownloads.org\/pl\/wp-json\/wp\/v2\/pages\/39\/revisions\/23504"}],"wp:featuredmedia":[{"embeddable":true,"href":"https:\/\/biblestudydownloads.org\/pl\/wp-json\/wp\/v2\/media\/2787"}],"wp:attachment":[{"href":"https:\/\/biblestudydownloads.org\/pl\/wp-json\/wp\/v2\/media?parent=39"}],"curies":[{"name":"wp","href":"https:\/\/api.w.org\/{rel}","templated":true}]}}