{"id":10,"date":"2015-08-05T02:45:12","date_gmt":"2015-08-04T18:45:12","guid":{"rendered":"http:\/\/biblestudydownloads.org\/?page_id=10"},"modified":"2026-03-29T21:49:27","modified_gmt":"2026-03-29T18:49:27","slug":"welcome","status":"publish","type":"page","link":"https:\/\/biblestudydownloads.org\/fr\/","title":{"rendered":"Welcome"},"content":{"rendered":"<p class=\"has-palette-color-4-color has-text-color has-link-color has-large-font-size wp-elements-bd89e96708760aabfc1e441ccc9e2d9b\">Avez-vous besoin de mieux conna\u00eetre la Bible ? BibleStudyDownloads propose plus de 500 000 diapositives PowerPoint et fichiers Word gratuits et modifiables, de la Gen\u00e8se \u00e0 l'Apocalypse, pour les \u00e9tudiants et les enseignants.<\/p>\n\n\n\n<h2 class=\"wp-block-heading has-palette-color-3-color has-text-color has-link-color has-medium-font-size wp-elements-fb32e83d609486d6d64cf0b97d4fdd2e\">La plupart des documents sont r\u00e9dig\u00e9s par le Dr Rick Griffith, ancien professeur au Singapore Bible College (1991-2021) et actuellement doyen acad\u00e9mique et professeur d'exposition biblique au Jordan Evangelical Theological Seminary.<\/h2>\n\n\n\n<div class=\"wp-block-stackable-columns stk-block-columns stk-block stk-8d1fb9e\" data-block-id=\"8d1fb9e\"><div class=\"stk-row stk-inner-blocks stk-block-content stk-content-align stk-8d1fb9e-column\">\n<div class=\"wp-block-stackable-column stk-block-column stk-column stk-block stk-514547b\" data-v=\"4\" data-block-id=\"514547b\"><div class=\"stk-column-wrapper stk-block-column__content stk-container stk-514547b-container stk--no-background stk--no-padding\"><div class=\"stk-block-content stk-inner-blocks stk-514547b-inner-blocks\">\n<div class=\"wp-block-stackable-count-up stk-block-count-up stk-block stk-b50dbf0\" data-block-id=\"b50dbf0\"><style>.stk-b50dbf0 {padding-top:0px !important;padding-right:0px !important;padding-bottom:0px !important;padding-left:0px !important;margin-bottom:0px !important;}.stk-b50dbf0 .stk-block-count-up__text{color:var(--theme-palette-color-2, #1559ed) !important;}<\/style><div class=\"stk-block-count-up__text has-text-color has-text-align-center\">51<\/div><\/div>\n\n\n\n<div class=\"wp-block-stackable-text stk-block-text stk-block stk-94ea614\" data-block-id=\"94ea614\"><style>.stk-94ea614 .stk-block-text__text{font-size:18px !important;text-transform:uppercase !important;}@media screen and (max-width:999px){.stk-94ea614 .stk-block-text__text{font-size:18px !important;}}<\/style><p class=\"stk-block-text__text has-text-align-center\"><strong>Courses<\/strong><\/p><\/div>\n<\/div><\/div><\/div>\n\n\n\n<div class=\"wp-block-stackable-column stk-block-column stk-column stk-block stk-d798b7b\" data-v=\"4\" data-block-id=\"d798b7b\"><div class=\"stk-column-wrapper stk-block-column__content stk-container stk-d798b7b-container stk--no-background stk--no-padding\"><div class=\"stk-block-content stk-inner-blocks stk-d798b7b-inner-blocks\">\n<div class=\"wp-block-stackable-count-up stk-block-count-up stk-block stk-05dfd2a\" data-block-id=\"05dfd2a\"><style>.stk-05dfd2a {margin-bottom:0px !important;}.stk-05dfd2a .stk-block-count-up__text{color:var(--theme-palette-color-2, #1559ed) !important;}<\/style><div class=\"stk-block-count-up__text has-text-color has-text-align-center\">55<\/div><\/div>\n\n\n\n<div class=\"wp-block-stackable-text stk-block-text stk-block stk-5107758\" data-block-id=\"5107758\"><style>.stk-5107758 .stk-block-text__text{text-transform:uppercase !important;}<\/style><p class=\"stk-block-text__text has-text-align-center\"><strong>Langues<\/strong><\/p><\/div>\n<\/div><\/div><\/div>\n\n\n\n<div class=\"wp-block-stackable-column stk-block-column stk-column stk-block stk-6ec33af\" data-v=\"4\" data-block-id=\"6ec33af\"><div class=\"stk-column-wrapper stk-block-column__content stk-container stk-6ec33af-container stk--no-background stk--no-padding\"><div class=\"stk-block-content stk-inner-blocks stk-6ec33af-inner-blocks\">\n<div class=\"wp-block-stackable-count-up stk-block-count-up stk-block stk-5330c94\" data-block-id=\"5330c94\"><style>.stk-5330c94 {margin-bottom:0px !important;}.stk-5330c94 .stk-block-count-up__text{color:var(--theme-palette-color-2, #1559ed) !important;}<\/style><div class=\"stk-block-count-up__text has-text-color has-text-align-center\">8,770<\/div><\/div>\n\n\n\n<div class=\"wp-block-stackable-text stk-block-text stk-block stk-f9f9bb6\" data-block-id=\"f9f9bb6\"><style>.stk-f9f9bb6 .stk-block-text__text{text-transform:uppercase !important;}<\/style><p class=\"stk-block-text__text has-text-align-center\"><strong>Files<\/strong><\/p><\/div>\n<\/div><\/div><\/div>\n<\/div><\/div>\n\n\n\n<div class=\"wp-block-buttons is-content-justification-center is-layout-flex wp-container-core-buttons-is-layout-a89b3969 wp-block-buttons-is-layout-flex\">\n<div class=\"wp-block-button is-style-fill\"><a class=\"wp-block-button__link has-palette-color-1-background-color has-background has-medium-font-size has-text-align-center has-custom-font-size wp-element-button\" href=\"https:\/\/biblestudydownloads.org\/resources\/?orderby=title&amp;order=asc&amp;language=english\" style=\"padding-top:var(--wp--preset--spacing--30);padding-right:var(--wp--preset--spacing--60);padding-bottom:var(--wp--preset--spacing--30);padding-left:var(--wp--preset--spacing--60)\" rel=\"\/resources\">Browse Resources<\/a><\/div>\n<\/div>\n\n\n\n<p><\/p>","protected":false},"excerpt":{"rendered":"<p>Do you need to know the Bible better? BibleStudyDownloads offers over 500,000 free, editable PowerPoint slides and Word files, spanning from Genesis to Revelation, for students and teachers. Most materials are by Dr. Rick Griffith, a former professor at Singapore Bible College (1991\u20132021) and currently Academic Dean and Bible Exposition professor at Jordan Evangelical Theological [&hellip;]<\/p>\n","protected":false},"author":1,"featured_media":12,"parent":0,"menu_order":0,"comment_status":"closed","ping_status":"closed","template":"","meta":{"footnotes":""},"class_list":["post-10","page","type-page","status-publish","has-post-thumbnail","hentry"],"blocksy_meta":[],"_links":{"self":[{"href":"https:\/\/biblestudydownloads.org\/fr\/wp-json\/wp\/v2\/pages\/10","targetHints":{"allow":["GET"]}}],"collection":[{"href":"https:\/\/biblestudydownloads.org\/fr\/wp-json\/wp\/v2\/pages"}],"about":[{"href":"https:\/\/biblestudydownloads.org\/fr\/wp-json\/wp\/v2\/types\/page"}],"author":[{"embeddable":true,"href":"https:\/\/biblestudydownloads.org\/fr\/wp-json\/wp\/v2\/users\/1"}],"replies":[{"embeddable":true,"href":"https:\/\/biblestudydownloads.org\/fr\/wp-json\/wp\/v2\/comments?post=10"}],"version-history":[{"count":274,"href":"https:\/\/biblestudydownloads.org\/fr\/wp-json\/wp\/v2\/pages\/10\/revisions"}],"predecessor-version":[{"id":24127,"href":"https:\/\/biblestudydownloads.org\/fr\/wp-json\/wp\/v2\/pages\/10\/revisions\/24127"}],"wp:featuredmedia":[{"embeddable":true,"href":"https:\/\/biblestudydownloads.org\/fr\/wp-json\/wp\/v2\/media\/12"}],"wp:attachment":[{"href":"https:\/\/biblestudydownloads.org\/fr\/wp-json\/wp\/v2\/media?parent=10"}],"curies":[{"name":"wp","href":"https:\/\/api.w.org\/{rel}","templated":true}]}}